{"id":5039,"date":"2025-07-11T08:16:56","date_gmt":"2025-07-11T08:16:56","guid":{"rendered":"https:\/\/lifeatjuniper.com\/terms-and-conditions\/"},"modified":"2025-07-11T08:35:55","modified_gmt":"2025-07-11T08:35:55","slug":"terminos-y-condiciones","status":"publish","type":"page","link":"https:\/\/lifeatjuniper.com\/es\/terminos-y-condiciones\/","title":{"rendered":"T\u00e9rminos y condiciones"},"content":{"rendered":"\t\t<div data-elementor-type=\"wp-page\" data-elementor-id=\"5039\" class=\"elementor elementor-5039 elementor-5032\" data-elementor-post-type=\"page\">\n\t\t\t\t<div class=\"elementor-element elementor-element-12754f69 e-flex e-con-boxed e-con e-parent\" data-id=\"12754f69\" data-element_type=\"container\" data-e-type=\"container\">\n\t\t\t\t\t<div class=\"e-con-inner\">\n\t\t\t\t<div class=\"elementor-element elementor-element-4ba146fd elementor-widget elementor-widget-text-editor\" data-id=\"4ba146fd\" data-element_type=\"widget\" data-e-type=\"widget\" data-widget_type=\"text-editor.default\">\n\t\t\t\t<div class=\"elementor-widget-container\">\n\t\t\t\t\t\t\t\t\t<div class=\"container margin-top100\"><section class=\"content-life margin-bottom-big\">De conformidad con lo previsto en Reglamento General de Protecci\u00f3n de Datos (RGPD), a continuaci\u00f3n le facilitamos informaci\u00f3n importante acerca de la recogida y tratamiento que hacemos sobre sus datos de car\u00e1cter personal:\n\nLa entidad RESPONSABLE DEL TRATAMIENTO, que recoger\u00e1 sus datos y realizar\u00e1 un tratamiento sobre \u00e9stos es JUNIPER CONSULTING S.L., sita en Gremi Fusters, 33 &#8211; Oficina 302, 07009, Palma de Mallorca (Islas Baleares).\n\nSi quiere contactar con nosotros para cualquier cuesti\u00f3n referente a sus datos, puede hacerlo mand\u00e1ndonos un correo electr\u00f3nico a la direcci\u00f3n\u00a0<a href=\"mailto:gdpr@ejuniper.com\">gdpr@ejuniper.com<\/a>.\n\nLa finalidad de la recogida de su curr\u00edculum y datos de contacto es para que pueda formar parte de procesos de selecci\u00f3n de personal, que tengamos abiertos en la empresa. La legitimaci\u00f3n de nuestra entidad para realizar el tratamiento de sus datos es su consentimiento obtenido mediante la aceptaci\u00f3n de la presente cl\u00e1usula.\n\nAlmacenaremos su curr\u00edculum durante un periodo de un a\u00f1o, despu\u00e9s del cual destruiremos la informaci\u00f3n tanto en papel como en formato l\u00f3gico. Por ello, si quiere seguir formando parte de nuestra base de datos de curr\u00edculums, deber\u00e1 volver a facilitarnos uno actualizado al cabo de un a\u00f1o. Le informamos que no comunicaremos sus datos a ninguna otra entidad o empresa.\n\nUsted debe saber que, por el hecho de tratar sus datos personales, dispone de unos derechos que detallamos a continuaci\u00f3n:\n<ul>\n \t<li>Cuando la base de legitimaci\u00f3n para el tratamiento de los datos se base en su consentimiento, usted tiene derecho a retirar dicho consentimiento en cualquier momento.<\/li>\n \t<li>Podr\u00e1 solicitar acceso a todos sus datos personales que tratamos (derecho de acceso).<\/li>\n \t<li>Tendr\u00e1 derecho a rectificar sus datos, bien porque son inexactos o porque han cambiado (derecho de rectificaci\u00f3n).<\/li>\n \t<li>Igualmente podr\u00e1 solicitar el borrado de sus datos cuando haya terminado la relaci\u00f3n laboral. En varias circunstancias, el borrado no podr\u00e1 ser completo debido a la existencia de legislaci\u00f3n que nos obliga a mantenerlos durante un periodo de cinco a\u00f1os (derecho de cancelaci\u00f3n).<\/li>\n \t<li>Tendr\u00e1 derecho a solicitar que no se traten sus datos personales (derecho de oposici\u00f3n).<\/li>\n \t<li>Tambi\u00e9n podr\u00e1 solicitar la limitaci\u00f3n del tratamiento de sus datos en los siguientes casos (derecho a la limitaci\u00f3n del tratamiento):\n<ul>\n \t<li>Durante el estudio de impugnaci\u00f3n por la inexactitud de sus datos.<\/li>\n \t<li>Si el tratamiento es il\u00edcito, usted se oponga a la supresi\u00f3n de los datos.<\/li>\n \t<li>Cuando no necesitemos tratar sus datos, pero usted los necesite para el ejercicio o defensa ante posibles reclamaciones.<\/li>\n \t<li>Si usted se ha opuesto al tratamiento de los datos alegando inter\u00e9s p\u00fablico o leg\u00edtimo, mientras estamos analizando si nuestros motivos para el tratamiento prevalecen sobre sus intereses.<\/li>\n<\/ul>\n<\/li>\n \t<li>Por \u00faltimo, tendr\u00e1 derecho a que le entreguemos sus datos personales en formato electr\u00f3nico, de forma que sea manejable por usted (derecho a la portabilidad).<\/li>\n<\/ul>\nPuede ejercitar estos derechos y consultar todas las cuestiones relativas al tratamiento de sus datos personales mediante el env\u00edo de un correo electr\u00f3nico o por correo postal a los datos referenciados, aportando copia de su DNI o documento an\u00e1logo.\n\nSobre la seguridad de sus datos en JUNIPER CONSULTING S.L. recogemos, tratamos y almacenamos sus datos aplicando pol\u00edticas y normas de seguridad de la informaci\u00f3n. Estas medidas de seguridad aplican tanto a la informaci\u00f3n en formato electr\u00f3nico como en papel, y garantizan la confidencialidad, integridad y disponibilidad de sus datos. En caso de que exista un evento o incidente que comprometa sus datos, se lo comunicaremos con la mayor brevedad posible.\n\n<\/section><\/div>\t\t\t\t\t\t\t\t<\/div>\n\t\t\t\t<\/div>\n\t\t\t\t\t<\/div>\n\t\t\t\t<\/div>\n\t\t\t\t<\/div>\n\t\t","protected":false},"excerpt":{"rendered":"<p>De conformidad con lo previsto en Reglamento General de Protecci\u00f3n de Datos (RGPD), a continuaci\u00f3n le facilitamos informaci\u00f3n importante acerca de la [&hellip;]<\/p>\n","protected":false},"author":1,"featured_media":0,"parent":0,"menu_order":0,"comment_status":"closed","ping_status":"closed","template":"elementor_theme","meta":{"_acf_changed":false,"inline_featured_image":false,"footnotes":""},"class_list":["post-5039","page","type-page","status-publish","hentry"],"acf":[],"yoast_head":"<!-- This site is optimized with the Yoast SEO plugin v27.5 - https:\/\/yoast.com\/product\/yoast-seo-wordpress\/ -->\n<title>T\u00e9rminos y condiciones - Life at Juniper<\/title>\n<meta name=\"robots\" content=\"noindex, follow\" \/>\n<meta property=\"og:locale\" content=\"es_ES\" \/>\n<meta property=\"og:type\" content=\"article\" \/>\n<meta property=\"og:title\" content=\"T\u00e9rminos y condiciones - Life at Juniper\" \/>\n<meta property=\"og:description\" content=\"De conformidad con lo previsto en Reglamento General de Protecci\u00f3n de Datos (RGPD), a continuaci\u00f3n le facilitamos informaci\u00f3n importante acerca de la [&hellip;]\" \/>\n<meta property=\"og:url\" content=\"https:\/\/lifeatjuniper.com\/es\/terminos-y-condiciones\/\" \/>\n<meta property=\"og:site_name\" content=\"Life at Juniper\" \/>\n<meta property=\"article:modified_time\" content=\"2025-07-11T08:35:55+00:00\" \/>\n<meta name=\"twitter:card\" content=\"summary_large_image\" \/>\n<meta name=\"twitter:label1\" content=\"Tiempo de lectura\" \/>\n\t<meta name=\"twitter:data1\" content=\"3 minutos\" \/>\n<script type=\"application\/ld+json\" class=\"yoast-schema-graph\">{\"@context\":\"https:\\\/\\\/schema.org\",\"@graph\":[{\"@type\":\"WebPage\",\"@id\":\"https:\\\/\\\/lifeatjuniper.com\\\/es\\\/terminos-y-condiciones\\\/\",\"url\":\"https:\\\/\\\/lifeatjuniper.com\\\/es\\\/terminos-y-condiciones\\\/\",\"name\":\"T\u00e9rminos y condiciones - Life at Juniper\",\"isPartOf\":{\"@id\":\"https:\\\/\\\/lifeatjuniper.com\\\/es\\\/#website\"},\"datePublished\":\"2025-07-11T08:16:56+00:00\",\"dateModified\":\"2025-07-11T08:35:55+00:00\",\"breadcrumb\":{\"@id\":\"https:\\\/\\\/lifeatjuniper.com\\\/es\\\/terminos-y-condiciones\\\/#breadcrumb\"},\"inLanguage\":\"es\",\"potentialAction\":[{\"@type\":\"ReadAction\",\"target\":[\"https:\\\/\\\/lifeatjuniper.com\\\/es\\\/terminos-y-condiciones\\\/\"]}]},{\"@type\":\"BreadcrumbList\",\"@id\":\"https:\\\/\\\/lifeatjuniper.com\\\/es\\\/terminos-y-condiciones\\\/#breadcrumb\",\"itemListElement\":[{\"@type\":\"ListItem\",\"position\":1,\"name\":\"Home\",\"item\":\"https:\\\/\\\/lifeatjuniper.com\\\/es\\\/\"},{\"@type\":\"ListItem\",\"position\":2,\"name\":\"T\u00e9rminos y condiciones\"}]},{\"@type\":\"WebSite\",\"@id\":\"https:\\\/\\\/lifeatjuniper.com\\\/es\\\/#website\",\"url\":\"https:\\\/\\\/lifeatjuniper.com\\\/es\\\/\",\"name\":\"Life at Juniper\",\"description\":\"\",\"publisher\":{\"@id\":\"https:\\\/\\\/lifeatjuniper.com\\\/es\\\/#organization\"},\"potentialAction\":[{\"@type\":\"SearchAction\",\"target\":{\"@type\":\"EntryPoint\",\"urlTemplate\":\"https:\\\/\\\/lifeatjuniper.com\\\/es\\\/?s={search_term_string}\"},\"query-input\":{\"@type\":\"PropertyValueSpecification\",\"valueRequired\":true,\"valueName\":\"search_term_string\"}}],\"inLanguage\":\"es\"},{\"@type\":\"Organization\",\"@id\":\"https:\\\/\\\/lifeatjuniper.com\\\/es\\\/#organization\",\"name\":\"Life at Juniper\",\"url\":\"https:\\\/\\\/lifeatjuniper.com\\\/es\\\/\",\"logo\":{\"@type\":\"ImageObject\",\"inLanguage\":\"es\",\"@id\":\"https:\\\/\\\/lifeatjuniper.com\\\/es\\\/#\\\/schema\\\/logo\\\/image\\\/\",\"url\":\"https:\\\/\\\/lifeatjuniper.com\\\/wp-content\\\/uploads\\\/2024\\\/06\\\/Juniper_TravelTechnology-4.png\",\"contentUrl\":\"https:\\\/\\\/lifeatjuniper.com\\\/wp-content\\\/uploads\\\/2024\\\/06\\\/Juniper_TravelTechnology-4.png\",\"width\":651,\"height\":156,\"caption\":\"Life at Juniper\"},\"image\":{\"@id\":\"https:\\\/\\\/lifeatjuniper.com\\\/es\\\/#\\\/schema\\\/logo\\\/image\\\/\"},\"sameAs\":[\"https:\\\/\\\/www.linkedin.com\\\/showcase\\\/life-at-juniper\",\"https:\\\/\\\/www.youtube.com\\\/@lifeatjuniper\"]}]}<\/script>\n<!-- \/ Yoast SEO plugin. -->","yoast_head_json":{"title":"T\u00e9rminos y condiciones - Life at Juniper","robots":{"index":"noindex","follow":"follow"},"og_locale":"es_ES","og_type":"article","og_title":"T\u00e9rminos y condiciones - Life at Juniper","og_description":"De conformidad con lo previsto en Reglamento General de Protecci\u00f3n de Datos (RGPD), a continuaci\u00f3n le facilitamos informaci\u00f3n importante acerca de la [&hellip;]","og_url":"https:\/\/lifeatjuniper.com\/es\/terminos-y-condiciones\/","og_site_name":"Life at Juniper","article_modified_time":"2025-07-11T08:35:55+00:00","twitter_card":"summary_large_image","twitter_misc":{"Tiempo de lectura":"3 minutos"},"schema":{"@context":"https:\/\/schema.org","@graph":[{"@type":"WebPage","@id":"https:\/\/lifeatjuniper.com\/es\/terminos-y-condiciones\/","url":"https:\/\/lifeatjuniper.com\/es\/terminos-y-condiciones\/","name":"T\u00e9rminos y condiciones - Life at Juniper","isPartOf":{"@id":"https:\/\/lifeatjuniper.com\/es\/#website"},"datePublished":"2025-07-11T08:16:56+00:00","dateModified":"2025-07-11T08:35:55+00:00","breadcrumb":{"@id":"https:\/\/lifeatjuniper.com\/es\/terminos-y-condiciones\/#breadcrumb"},"inLanguage":"es","potentialAction":[{"@type":"ReadAction","target":["https:\/\/lifeatjuniper.com\/es\/terminos-y-condiciones\/"]}]},{"@type":"BreadcrumbList","@id":"https:\/\/lifeatjuniper.com\/es\/terminos-y-condiciones\/#breadcrumb","itemListElement":[{"@type":"ListItem","position":1,"name":"Home","item":"https:\/\/lifeatjuniper.com\/es\/"},{"@type":"ListItem","position":2,"name":"T\u00e9rminos y condiciones"}]},{"@type":"WebSite","@id":"https:\/\/lifeatjuniper.com\/es\/#website","url":"https:\/\/lifeatjuniper.com\/es\/","name":"Life at Juniper","description":"","publisher":{"@id":"https:\/\/lifeatjuniper.com\/es\/#organization"},"potentialAction":[{"@type":"SearchAction","target":{"@type":"EntryPoint","urlTemplate":"https:\/\/lifeatjuniper.com\/es\/?s={search_term_string}"},"query-input":{"@type":"PropertyValueSpecification","valueRequired":true,"valueName":"search_term_string"}}],"inLanguage":"es"},{"@type":"Organization","@id":"https:\/\/lifeatjuniper.com\/es\/#organization","name":"Life at Juniper","url":"https:\/\/lifeatjuniper.com\/es\/","logo":{"@type":"ImageObject","inLanguage":"es","@id":"https:\/\/lifeatjuniper.com\/es\/#\/schema\/logo\/image\/","url":"https:\/\/lifeatjuniper.com\/wp-content\/uploads\/2024\/06\/Juniper_TravelTechnology-4.png","contentUrl":"https:\/\/lifeatjuniper.com\/wp-content\/uploads\/2024\/06\/Juniper_TravelTechnology-4.png","width":651,"height":156,"caption":"Life at Juniper"},"image":{"@id":"https:\/\/lifeatjuniper.com\/es\/#\/schema\/logo\/image\/"},"sameAs":["https:\/\/www.linkedin.com\/showcase\/life-at-juniper","https:\/\/www.youtube.com\/@lifeatjuniper"]}]}},"_links":{"self":[{"href":"https:\/\/lifeatjuniper.com\/es\/wp-json\/wp\/v2\/pages\/5039","targetHints":{"allow":["GET"]}}],"collection":[{"href":"https:\/\/lifeatjuniper.com\/es\/wp-json\/wp\/v2\/pages"}],"about":[{"href":"https:\/\/lifeatjuniper.com\/es\/wp-json\/wp\/v2\/types\/page"}],"author":[{"embeddable":true,"href":"https:\/\/lifeatjuniper.com\/es\/wp-json\/wp\/v2\/users\/1"}],"replies":[{"embeddable":true,"href":"https:\/\/lifeatjuniper.com\/es\/wp-json\/wp\/v2\/comments?post=5039"}],"version-history":[{"count":9,"href":"https:\/\/lifeatjuniper.com\/es\/wp-json\/wp\/v2\/pages\/5039\/revisions"}],"predecessor-version":[{"id":5052,"href":"https:\/\/lifeatjuniper.com\/es\/wp-json\/wp\/v2\/pages\/5039\/revisions\/5052"}],"wp:attachment":[{"href":"https:\/\/lifeatjuniper.com\/es\/wp-json\/wp\/v2\/media?parent=5039"}],"curies":[{"name":"wp","href":"https:\/\/api.w.org\/{rel}","templated":true}]}}